{"id":65,"date":"2023-11-19T12:13:02","date_gmt":"2023-11-19T12:13:02","guid":{"rendered":"https:\/\/team-ehrbar.ch\/?page_id=65"},"modified":"2023-11-19T12:13:03","modified_gmt":"2023-11-19T12:13:03","slug":"galerie","status":"publish","type":"page","link":"https:\/\/team-ehrbar.ch\/?page_id=65","title":{"rendered":"Galerie"},"content":{"rendered":"\n<h1 class=\"wp-block-heading has-text-align-center\"><\/h1>\n\n\n\n<p class=\"has-text-align-center\">Ein paar Bilder, Tipps und Anregungen aus unseren T\u00e4tigkeiten<\/p>\n\n\n\n<div style=\"height:56px\" aria-hidden=\"true\" class=\"wp-block-spacer\"><\/div>\n\n\n\n<p class=\"has-text-align-center has-large-font-size\"><strong>Ein paar wartungsbed\u00fcrftige Bauteile<\/strong><\/p>\n\n\n\n<div class=\"wp-block-media-text is-stacked-on-mobile\" style=\"margin-top:0%;margin-right:0;margin-left:0;padding-right:0;padding-left:0;grid-template-columns:57% auto\"><figure class=\"wp-block-media-text__media\"><img fetchpriority=\"high\" decoding=\"async\" width=\"1024\" height=\"768\" src=\"https:\/\/team-ehrbar.ch\/wp-content\/uploads\/2023\/11\/IMG_20231109_165043-1024x768.jpg\" alt=\"\" class=\"wp-image-75 size-full\" srcset=\"https:\/\/team-ehrbar.ch\/wp-content\/uploads\/2023\/11\/IMG_20231109_165043-1024x768.jpg 1024w, https:\/\/team-ehrbar.ch\/wp-content\/uploads\/2023\/11\/IMG_20231109_165043-300x225.jpg 300w, https:\/\/team-ehrbar.ch\/wp-content\/uploads\/2023\/11\/IMG_20231109_165043-768x576.jpg 768w, https:\/\/team-ehrbar.ch\/wp-content\/uploads\/2023\/11\/IMG_20231109_165043-1536x1152.jpg 1536w, https:\/\/team-ehrbar.ch\/wp-content\/uploads\/2023\/11\/IMG_20231109_165043-2048x1536.jpg 2048w\" sizes=\"(max-width: 1024px) 100vw, 1024px\" \/><\/figure><div class=\"wp-block-media-text__content\">\n<p><strong>Sicherheitsventile <\/strong><\/p>\n\n\n\n<p>Sicherheitsventile werden oft vergessen und abgeschrieben. <\/p>\n\n\n\n<p>Wir empfehlen im Rahmen einer j\u00e4hrlichen Wartung eine Pr\u00fcfung vorzunehmen, um ein  Verkleben und Blockieren vorzubeugen. <\/p>\n\n\n\n<p><em>\u00dcbringens: Auch ihr Boiler hat ein Sicherheitsventil, welches gern verkalkt und somit st\u00e4ndig Wasser in den Ablauf rinnt. <\/em><\/p>\n<\/div><\/div>\n\n\n\n<div class=\"wp-block-media-text has-media-on-the-right is-stacked-on-mobile\"><div class=\"wp-block-media-text__content\">\n<p><strong>Fussbodenheizung-Verteiler<\/strong><\/p>\n\n\n\n<p>Energiespartipp: <\/p>\n\n\n\n<ul class=\"wp-block-list\">\n<li>Sp\u00fclen <\/li>\n\n\n\n<li>Durchfluss pr\u00fcfen und einstellen lassen<\/li>\n\n\n\n<li>Funktionspr\u00fcfung der Stellantriebe<\/li>\n\n\n\n<li>Funkstellantriebe nachr\u00fcsten<\/li>\n<\/ul>\n<\/div><figure class=\"wp-block-media-text__media\"><img decoding=\"async\" width=\"576\" height=\"1024\" src=\"https:\/\/team-ehrbar.ch\/wp-content\/uploads\/2023\/11\/IMG-20230721-WA0002-576x1024.jpeg\" alt=\"\" class=\"wp-image-77 size-full\" srcset=\"https:\/\/team-ehrbar.ch\/wp-content\/uploads\/2023\/11\/IMG-20230721-WA0002-576x1024.jpeg 576w, https:\/\/team-ehrbar.ch\/wp-content\/uploads\/2023\/11\/IMG-20230721-WA0002-169x300.jpeg 169w, https:\/\/team-ehrbar.ch\/wp-content\/uploads\/2023\/11\/IMG-20230721-WA0002-768x1365.jpeg 768w, https:\/\/team-ehrbar.ch\/wp-content\/uploads\/2023\/11\/IMG-20230721-WA0002-864x1536.jpeg 864w, https:\/\/team-ehrbar.ch\/wp-content\/uploads\/2023\/11\/IMG-20230721-WA0002-1152x2048.jpeg 1152w, https:\/\/team-ehrbar.ch\/wp-content\/uploads\/2023\/11\/IMG-20230721-WA0002-scaled.jpeg 1440w\" sizes=\"(max-width: 576px) 100vw, 576px\" \/><\/figure><\/div>\n\n\n\n<div class=\"wp-block-media-text is-stacked-on-mobile\"><figure class=\"wp-block-media-text__media\"><img decoding=\"async\" width=\"576\" height=\"1024\" src=\"https:\/\/team-ehrbar.ch\/wp-content\/uploads\/2023\/11\/IMG-20230721-WA0000-576x1024.jpeg\" alt=\"\" class=\"wp-image-78 size-full\" srcset=\"https:\/\/team-ehrbar.ch\/wp-content\/uploads\/2023\/11\/IMG-20230721-WA0000-576x1024.jpeg 576w, https:\/\/team-ehrbar.ch\/wp-content\/uploads\/2023\/11\/IMG-20230721-WA0000-169x300.jpeg 169w, https:\/\/team-ehrbar.ch\/wp-content\/uploads\/2023\/11\/IMG-20230721-WA0000-768x1365.jpeg 768w, https:\/\/team-ehrbar.ch\/wp-content\/uploads\/2023\/11\/IMG-20230721-WA0000-864x1536.jpeg 864w, https:\/\/team-ehrbar.ch\/wp-content\/uploads\/2023\/11\/IMG-20230721-WA0000-1152x2048.jpeg 1152w, https:\/\/team-ehrbar.ch\/wp-content\/uploads\/2023\/11\/IMG-20230721-WA0000-scaled.jpeg 1440w\" sizes=\"(max-width: 576px) 100vw, 576px\" \/><\/figure><div class=\"wp-block-media-text__content\">\n<p>Auf dem rechten TopMeter ist kein Durchfluss mehr ablesbar.<\/p>\n\n\n\n<ul class=\"wp-block-list\">\n<li>im Zuge einer Sp\u00fclung austauschen lassen um den Durchfluss pr\u00fcfen und einstellen zu k\u00f6nnen <\/li>\n<\/ul>\n<\/div><\/div>\n\n\n\n<div class=\"wp-block-media-text has-media-on-the-right is-stacked-on-mobile\"><div class=\"wp-block-media-text__content\">\n<p><strong>Thermostatventile<\/strong><\/p>\n\n\n\n<p>Thermostatventile pr\u00fcfen und einstellen.<\/p>\n\n\n\n<p>Energiespartipp:<\/p>\n\n\n\n<ul class=\"wp-block-list\">\n<li>alte Handradventile tauschen lassen, neue Danfossk\u00f6pfe regulieren die Raumtemperatur selbstst\u00e4ndig.<\/li>\n\n\n\n<li>hydraulisch einregulieren lassen. Spart Energie und Stromkosten <\/li>\n<\/ul>\n<\/div><figure class=\"wp-block-media-text__media\"><img loading=\"lazy\" decoding=\"async\" width=\"768\" height=\"1024\" src=\"https:\/\/team-ehrbar.ch\/wp-content\/uploads\/2023\/11\/IMG_20231107_090223-768x1024.jpg\" alt=\"\" class=\"wp-image-79 size-full\" srcset=\"https:\/\/team-ehrbar.ch\/wp-content\/uploads\/2023\/11\/IMG_20231107_090223-768x1024.jpg 768w, https:\/\/team-ehrbar.ch\/wp-content\/uploads\/2023\/11\/IMG_20231107_090223-225x300.jpg 225w, https:\/\/team-ehrbar.ch\/wp-content\/uploads\/2023\/11\/IMG_20231107_090223-1152x1536.jpg 1152w, https:\/\/team-ehrbar.ch\/wp-content\/uploads\/2023\/11\/IMG_20231107_090223-1536x2048.jpg 1536w, https:\/\/team-ehrbar.ch\/wp-content\/uploads\/2023\/11\/IMG_20231107_090223-scaled.jpg 1920w\" sizes=\"(max-width: 768px) 100vw, 768px\" \/><\/figure><\/div>\n","protected":false},"excerpt":{"rendered":"<p>Ein paar Bilder, Tipps und Anregungen aus unseren T\u00e4tigkeiten Ein paar wartungsbed\u00fcrftige Bauteile Sicherheitsventile Sicherheitsventile werden oft vergessen und abgeschrieben. Wir empfehlen im Rahmen einer j\u00e4hrlichen Wartung eine Pr\u00fcfung vorzunehmen, um ein Verkleben und Blockieren vorzubeugen. \u00dcbringens: Auch ihr Boiler hat ein Sicherheitsventil, welches gern verkalkt und somit st\u00e4ndig Wasser in den Ablauf rinnt.<\/p>\n","protected":false},"author":1,"featured_media":0,"parent":0,"menu_order":0,"comment_status":"closed","ping_status":"closed","template":"","meta":{"footnotes":""},"class_list":["post-65","page","type-page","status-publish","hentry"],"yoast_head":"<!-- This site is optimized with the Yoast SEO plugin v25.4 - https:\/\/yoast.com\/wordpress\/plugins\/seo\/ -->\n<title>Galerie - EhrBar B.Ehlert<\/title>\n<meta name=\"robots\" content=\"index, follow, max-snippet:-1, max-image-preview:large, max-video-preview:-1\" \/>\n<link rel=\"canonical\" href=\"https:\/\/team-ehrbar.ch\/?page_id=65\" \/>\n<meta property=\"og:locale\" content=\"de_DE\" \/>\n<meta property=\"og:type\" content=\"article\" \/>\n<meta property=\"og:title\" content=\"Galerie - EhrBar B.Ehlert\" \/>\n<meta property=\"og:description\" content=\"Ein paar Bilder, Tipps und Anregungen aus unseren T\u00e4tigkeiten Ein paar wartungsbed\u00fcrftige Bauteile Sicherheitsventile Sicherheitsventile werden oft vergessen und abgeschrieben. Wir empfehlen im Rahmen einer j\u00e4hrlichen Wartung eine Pr\u00fcfung vorzunehmen, um ein Verkleben und Blockieren vorzubeugen. \u00dcbringens: Auch ihr Boiler hat ein Sicherheitsventil, welches gern verkalkt und somit st\u00e4ndig Wasser in den Ablauf rinnt.\" \/>\n<meta property=\"og:url\" content=\"https:\/\/team-ehrbar.ch\/?page_id=65\" \/>\n<meta property=\"og:site_name\" content=\"EhrBar B.Ehlert\" \/>\n<meta property=\"article:modified_time\" content=\"2023-11-19T12:13:03+00:00\" \/>\n<meta property=\"og:image\" content=\"https:\/\/team-ehrbar.ch\/wp-content\/uploads\/2023\/11\/IMG_20231109_165043-1024x768.jpg\" \/>\n<meta name=\"twitter:card\" content=\"summary_large_image\" \/>\n<meta name=\"twitter:label1\" content=\"Gesch\u00e4tzte Lesezeit\" \/>\n\t<meta name=\"twitter:data1\" content=\"2\u00a0Minuten\" \/>\n<script type=\"application\/ld+json\" class=\"yoast-schema-graph\">{\"@context\":\"https:\/\/schema.org\",\"@graph\":[{\"@type\":\"WebPage\",\"@id\":\"https:\/\/team-ehrbar.ch\/?page_id=65\",\"url\":\"https:\/\/team-ehrbar.ch\/?page_id=65\",\"name\":\"Galerie - EhrBar B.Ehlert\",\"isPartOf\":{\"@id\":\"https:\/\/team-ehrbar.ch\/#website\"},\"primaryImageOfPage\":{\"@id\":\"https:\/\/team-ehrbar.ch\/?page_id=65#primaryimage\"},\"image\":{\"@id\":\"https:\/\/team-ehrbar.ch\/?page_id=65#primaryimage\"},\"thumbnailUrl\":\"https:\/\/team-ehrbar.ch\/wp-content\/uploads\/2023\/11\/IMG_20231109_165043-1024x768.jpg\",\"datePublished\":\"2023-11-19T12:13:02+00:00\",\"dateModified\":\"2023-11-19T12:13:03+00:00\",\"breadcrumb\":{\"@id\":\"https:\/\/team-ehrbar.ch\/?page_id=65#breadcrumb\"},\"inLanguage\":\"de-CH\",\"potentialAction\":[{\"@type\":\"ReadAction\",\"target\":[\"https:\/\/team-ehrbar.ch\/?page_id=65\"]}]},{\"@type\":\"ImageObject\",\"inLanguage\":\"de-CH\",\"@id\":\"https:\/\/team-ehrbar.ch\/?page_id=65#primaryimage\",\"url\":\"https:\/\/team-ehrbar.ch\/wp-content\/uploads\/2023\/11\/IMG_20231109_165043-scaled.jpg\",\"contentUrl\":\"https:\/\/team-ehrbar.ch\/wp-content\/uploads\/2023\/11\/IMG_20231109_165043-scaled.jpg\",\"width\":2560,\"height\":1920},{\"@type\":\"BreadcrumbList\",\"@id\":\"https:\/\/team-ehrbar.ch\/?page_id=65#breadcrumb\",\"itemListElement\":[{\"@type\":\"ListItem\",\"position\":1,\"name\":\"Startseite\",\"item\":\"https:\/\/team-ehrbar.ch\/\"},{\"@type\":\"ListItem\",\"position\":2,\"name\":\"Galerie\"}]},{\"@type\":\"WebSite\",\"@id\":\"https:\/\/team-ehrbar.ch\/#website\",\"url\":\"https:\/\/team-ehrbar.ch\/\",\"name\":\"EhrBar B.Ehlert\",\"description\":\"-z\u00fcnftiges Handwerk-\",\"publisher\":{\"@id\":\"https:\/\/team-ehrbar.ch\/#organization\"},\"potentialAction\":[{\"@type\":\"SearchAction\",\"target\":{\"@type\":\"EntryPoint\",\"urlTemplate\":\"https:\/\/team-ehrbar.ch\/?s={search_term_string}\"},\"query-input\":{\"@type\":\"PropertyValueSpecification\",\"valueRequired\":true,\"valueName\":\"search_term_string\"}}],\"inLanguage\":\"de-CH\"},{\"@type\":\"Organization\",\"@id\":\"https:\/\/team-ehrbar.ch\/#organization\",\"name\":\"EhrBar B.Ehlert\",\"url\":\"https:\/\/team-ehrbar.ch\/\",\"logo\":{\"@type\":\"ImageObject\",\"inLanguage\":\"de-CH\",\"@id\":\"https:\/\/team-ehrbar.ch\/#\/schema\/logo\/image\/\",\"url\":\"https:\/\/team-ehrbar.ch\/wp-content\/uploads\/2023\/11\/logo-transparent-png.png\",\"contentUrl\":\"https:\/\/team-ehrbar.ch\/wp-content\/uploads\/2023\/11\/logo-transparent-png.png\",\"width\":4000,\"height\":2620,\"caption\":\"EhrBar B.Ehlert\"},\"image\":{\"@id\":\"https:\/\/team-ehrbar.ch\/#\/schema\/logo\/image\/\"}}]}<\/script>\n<!-- \/ Yoast SEO plugin. -->","yoast_head_json":{"title":"Galerie - EhrBar B.Ehlert","robots":{"index":"index","follow":"follow","max-snippet":"max-snippet:-1","max-image-preview":"max-image-preview:large","max-video-preview":"max-video-preview:-1"},"canonical":"https:\/\/team-ehrbar.ch\/?page_id=65","og_locale":"de_DE","og_type":"article","og_title":"Galerie - EhrBar B.Ehlert","og_description":"Ein paar Bilder, Tipps und Anregungen aus unseren T\u00e4tigkeiten Ein paar wartungsbed\u00fcrftige Bauteile Sicherheitsventile Sicherheitsventile werden oft vergessen und abgeschrieben. Wir empfehlen im Rahmen einer j\u00e4hrlichen Wartung eine Pr\u00fcfung vorzunehmen, um ein Verkleben und Blockieren vorzubeugen. \u00dcbringens: Auch ihr Boiler hat ein Sicherheitsventil, welches gern verkalkt und somit st\u00e4ndig Wasser in den Ablauf rinnt.","og_url":"https:\/\/team-ehrbar.ch\/?page_id=65","og_site_name":"EhrBar B.Ehlert","article_modified_time":"2023-11-19T12:13:03+00:00","og_image":[{"url":"https:\/\/team-ehrbar.ch\/wp-content\/uploads\/2023\/11\/IMG_20231109_165043-1024x768.jpg","type":"","width":"","height":""}],"twitter_card":"summary_large_image","twitter_misc":{"Gesch\u00e4tzte Lesezeit":"2\u00a0Minuten"},"schema":{"@context":"https:\/\/schema.org","@graph":[{"@type":"WebPage","@id":"https:\/\/team-ehrbar.ch\/?page_id=65","url":"https:\/\/team-ehrbar.ch\/?page_id=65","name":"Galerie - EhrBar B.Ehlert","isPartOf":{"@id":"https:\/\/team-ehrbar.ch\/#website"},"primaryImageOfPage":{"@id":"https:\/\/team-ehrbar.ch\/?page_id=65#primaryimage"},"image":{"@id":"https:\/\/team-ehrbar.ch\/?page_id=65#primaryimage"},"thumbnailUrl":"https:\/\/team-ehrbar.ch\/wp-content\/uploads\/2023\/11\/IMG_20231109_165043-1024x768.jpg","datePublished":"2023-11-19T12:13:02+00:00","dateModified":"2023-11-19T12:13:03+00:00","breadcrumb":{"@id":"https:\/\/team-ehrbar.ch\/?page_id=65#breadcrumb"},"inLanguage":"de-CH","potentialAction":[{"@type":"ReadAction","target":["https:\/\/team-ehrbar.ch\/?page_id=65"]}]},{"@type":"ImageObject","inLanguage":"de-CH","@id":"https:\/\/team-ehrbar.ch\/?page_id=65#primaryimage","url":"https:\/\/team-ehrbar.ch\/wp-content\/uploads\/2023\/11\/IMG_20231109_165043-scaled.jpg","contentUrl":"https:\/\/team-ehrbar.ch\/wp-content\/uploads\/2023\/11\/IMG_20231109_165043-scaled.jpg","width":2560,"height":1920},{"@type":"BreadcrumbList","@id":"https:\/\/team-ehrbar.ch\/?page_id=65#breadcrumb","itemListElement":[{"@type":"ListItem","position":1,"name":"Startseite","item":"https:\/\/team-ehrbar.ch\/"},{"@type":"ListItem","position":2,"name":"Galerie"}]},{"@type":"WebSite","@id":"https:\/\/team-ehrbar.ch\/#website","url":"https:\/\/team-ehrbar.ch\/","name":"EhrBar B.Ehlert","description":"-z\u00fcnftiges Handwerk-","publisher":{"@id":"https:\/\/team-ehrbar.ch\/#organization"},"potentialAction":[{"@type":"SearchAction","target":{"@type":"EntryPoint","urlTemplate":"https:\/\/team-ehrbar.ch\/?s={search_term_string}"},"query-input":{"@type":"PropertyValueSpecification","valueRequired":true,"valueName":"search_term_string"}}],"inLanguage":"de-CH"},{"@type":"Organization","@id":"https:\/\/team-ehrbar.ch\/#organization","name":"EhrBar B.Ehlert","url":"https:\/\/team-ehrbar.ch\/","logo":{"@type":"ImageObject","inLanguage":"de-CH","@id":"https:\/\/team-ehrbar.ch\/#\/schema\/logo\/image\/","url":"https:\/\/team-ehrbar.ch\/wp-content\/uploads\/2023\/11\/logo-transparent-png.png","contentUrl":"https:\/\/team-ehrbar.ch\/wp-content\/uploads\/2023\/11\/logo-transparent-png.png","width":4000,"height":2620,"caption":"EhrBar B.Ehlert"},"image":{"@id":"https:\/\/team-ehrbar.ch\/#\/schema\/logo\/image\/"}}]}},"_links":{"self":[{"href":"https:\/\/team-ehrbar.ch\/index.php?rest_route=\/wp\/v2\/pages\/65","targetHints":{"allow":["GET"]}}],"collection":[{"href":"https:\/\/team-ehrbar.ch\/index.php?rest_route=\/wp\/v2\/pages"}],"about":[{"href":"https:\/\/team-ehrbar.ch\/index.php?rest_route=\/wp\/v2\/types\/page"}],"author":[{"embeddable":true,"href":"https:\/\/team-ehrbar.ch\/index.php?rest_route=\/wp\/v2\/users\/1"}],"replies":[{"embeddable":true,"href":"https:\/\/team-ehrbar.ch\/index.php?rest_route=%2Fwp%2Fv2%2Fcomments&post=65"}],"version-history":[{"count":6,"href":"https:\/\/team-ehrbar.ch\/index.php?rest_route=\/wp\/v2\/pages\/65\/revisions"}],"predecessor-version":[{"id":85,"href":"https:\/\/team-ehrbar.ch\/index.php?rest_route=\/wp\/v2\/pages\/65\/revisions\/85"}],"wp:attachment":[{"href":"https:\/\/team-ehrbar.ch\/index.php?rest_route=%2Fwp%2Fv2%2Fmedia&parent=65"}],"curies":[{"name":"wp","href":"https:\/\/api.w.org\/{rel}","templated":true}]}}